{"id":33019,"date":"2023-11-29T13:57:50","date_gmt":"2023-11-29T12:57:50","guid":{"rendered":"https:\/\/webceleste.fr\/?page_id=33019"},"modified":"2026-01-03T20:36:46","modified_gmt":"2026-01-03T19:36:46","slug":"site-internet","status":"publish","type":"page","link":"https:\/\/webceleste.fr\/index.php\/site-internet\/","title":{"rendered":"Cr\u00e9ation de site internet"},"content":{"rendered":"\t\t<div data-elementor-type=\"wp-page\" data-elementor-id=\"33019\" class=\"elementor elementor-33019\" data-elementor-post-type=\"page\">\n\t\t\t\t\t\t<section class=\"elementor-section elementor-top-section elementor-element elementor-element-f71e1fc elementor-section-boxed elementor-section-height-default elementor-section-height-default\" data-id=\"f71e1fc\" data-element_type=\"section\" data-e-type=\"section\" data-settings=\"{&quot;background_background&quot;:&quot;classic&quot;}\">\n\t\t\t\t\t\t<div class=\"elementor-container elementor-column-gap-default\">\n\t\t\t\t\t<div class=\"elementor-column elementor-col-33 elementor-top-column elementor-element elementor-element-26dfd769\" data-id=\"26dfd769\" data-element_type=\"column\" data-e-type=\"column\">\n\t\t\t<div class=\"elementor-widget-wrap elementor-element-populated\">\n\t\t\t\t\t\t<div class=\"elementor-element elementor-element-39c35737 elementor-widget elementor-widget-ucaddon_box_pricing_table\" data-id=\"39c35737\" data-element_type=\"widget\" data-e-type=\"widget\" data-widget_type=\"ucaddon_box_pricing_table.default\">\n\t\t\t\t<div class=\"elementor-widget-container\">\n\t\t\t\t\t<!-- start Price Box -->\n\t\t<link id='font-awesome-css' href='https:\/\/webceleste.fr\/wp-content\/plugins\/unlimited-elements-for-elementor-premium\/assets_libraries\/font-awesome5\/css\/fontawesome-all.min.css' type='text\/css' rel='stylesheet' >\n\t\t<link id='font-awesome-4-shim-css' href='https:\/\/webceleste.fr\/wp-content\/plugins\/unlimited-elements-for-elementor-premium\/assets_libraries\/font-awesome5\/css\/fontawesome-v4-shims.css' type='text\/css' rel='stylesheet' >\n\n\t\t\t<style type=\"text\/css\">\/* widget: Price Box *\/\n\n#uc_box_pricing_table_elementor_39c35737 * {\n    box-sizing: border-box;\n}\n#uc_box_pricing_table_elementor_39c35737 .uc_content_box{\n  overflow:hidden;\n  position:relative;\n}\n.uc_price{\n\tfont-size:64px;\n}\n\n.ue_subtitle{\n  font-size:12px;\n}\n\n.uc_desc{\n\tline-height:1.5em;\n}\n\n.ue_currency\n{\n  font-size:20px;\n}\n\n#uc_box_pricing_table_elementor_39c35737 .uc_btn{\n\tdisplay:inline-block;\n\ttext-decoration:none;\n\ttransition:all 0.1s linear 0s;\n}\n\n#uc_box_pricing_table_elementor_39c35737 .uepb_graphic_el_wrapper{\n  display: flex;\n}\n#uc_box_pricing_table_elementor_39c35737 .uepb_graphic_el {\n  display:flex;\n  align-items: center;\n  justify-content: center;\n  overflow:hidden;\n}\n\n#uc_box_pricing_table_elementor_39c35737 .ue_pb_badge {\n    position: absolute;\n    top: 16px;\n    right: -70px;transform: rotate(45deg);\t\n        width: 200px;\n    text-align: center;\n    box-sizing: border-box;\n    z-index:2;\n}\n\n.ue_pb_badge\n{\n  font-size:10px;\n  line-height:1em;\n}\n\n\n<\/style>\n\n\t\t\t<div id=\"uc_box_pricing_table_elementor_39c35737\" class=\"uc_bold_simple_price_table\">\n\t\t<div class=\"uc_content_box\" >\n                          <div class=\"ue_pb_badge\">UNIQUE<\/div>\n                                     <div class=\"uepb_graphic_el_wrapper\">\n               <div class=\"uepb_graphic_el\">\n                  <i class='fas fa-award'><\/i>                                                  <\/div>\n             <\/div>\n                        \t\n            <div class=\"uc_price\">850<span class=\"ue_currency\" style=\"vertical-align:super;\">\u20ac <\/span><\/div>\t\n          \n                      \n            <div class=\"ue_subtitle\">Essentiel Online  Petites entreprises locales<\/div>          \n                      \n            <div class=\"uc_desc\">- Pages cr\u00e9\u00e9es : 4 <br>\n- Avis en ligne <br>\n- Design premium <br>\n- Responsive <br>\n<br><br><br><br><br><br><br><br><br><br><br><br><\/div>\t\n            <a href=\"#elementor-action%3Aaction%3Dpopup%3Aopen%26settings%3DeyJpZCI6IjMzMDM2IiwidG9nZ2xlIjpmYWxzZX0%3D\" class=\"uc_btn uc_more_btn\" >DEVIS GRATUIT<\/a>\t\n        <\/div>\n<\/div>\n\t\t\t<!-- end Price Box -->\t\t\t\t<\/div>\n\t\t\t\t<\/div>\n\t\t\t\t<div class=\"elementor-element elementor-element-df2e0d6 elementor-align-center elementor-absolute elementor-widget elementor-widget-button\" data-id=\"df2e0d6\" data-element_type=\"widget\" data-e-type=\"widget\" data-settings=\"{&quot;_position&quot;:&quot;absolute&quot;}\" data-widget_type=\"button.default\">\n\t\t\t\t<div class=\"elementor-widget-container\">\n\t\t\t\t\t\t\t\t\t<div class=\"elementor-button-wrapper\">\n\t\t\t\t\t<a class=\"elementor-button elementor-button-link elementor-size-sm\" href=\"#elementor-action%3Aaction%3Dpopup%3Aopen%26settings%3DeyJpZCI6IjMzMDQxIiwidG9nZ2xlIjpmYWxzZX0%3D\">\n\t\t\t\t\t\t<span class=\"elementor-button-content-wrapper\">\n\t\t\t\t\t\t<span class=\"elementor-button-icon\">\n\t\t\t\t<svg aria-hidden=\"true\" class=\"e-font-icon-svg e-far-plus-square\" viewBox=\"0 0 448 512\" xmlns=\"http:\/\/www.w3.org\/2000\/svg\"><path d=\"M352 240v32c0 6.6-5.4 12-12 12h-88v88c0 6.6-5.4 12-12 12h-32c-6.6 0-12-5.4-12-12v-88h-88c-6.6 0-12-5.4-12-12v-32c0-6.6 5.4-12 12-12h88v-88c0-6.6 5.4-12 12-12h32c6.6 0 12 5.4 12 12v88h88c6.6 0 12 5.4 12 12zm96-160v352c0 26.5-21.5 48-48 48H48c-26.5 0-48-21.5-48-48V80c0-26.5 21.5-48 48-48h352c26.5 0 48 21.5 48 48zm-48 346V86c0-3.3-2.7-6-6-6H54c-3.3 0-6 2.7-6 6v340c0 3.3 2.7 6 6 6h340c3.3 0 6-2.7 6-6z\"><\/path><\/svg>\t\t\t<\/span>\n\t\t\t\t\t\t\t\t\t<span class=\"elementor-button-text\">INCLUS DANS TOUS NOS PACKS<\/span>\n\t\t\t\t\t<\/span>\n\t\t\t\t\t<\/a>\n\t\t\t\t<\/div>\n\t\t\t\t\t\t\t\t<\/div>\n\t\t\t\t<\/div>\n\t\t\t\t\t<\/div>\n\t\t<\/div>\n\t\t\t\t<div class=\"elementor-column elementor-col-33 elementor-top-column elementor-element elementor-element-25f4f3e9\" data-id=\"25f4f3e9\" data-element_type=\"column\" data-e-type=\"column\">\n\t\t\t<div class=\"elementor-widget-wrap elementor-element-populated\">\n\t\t\t\t\t\t<div class=\"elementor-element elementor-element-601b7c37 elementor-widget elementor-widget-ucaddon_box_pricing_table\" data-id=\"601b7c37\" data-element_type=\"widget\" data-e-type=\"widget\" data-widget_type=\"ucaddon_box_pricing_table.default\">\n\t\t\t\t<div class=\"elementor-widget-container\">\n\t\t\t\t\t<!-- start Price Box -->\n\n\t\t\t<style type=\"text\/css\">\/* widget: Price Box *\/\n\n#uc_box_pricing_table_elementor_601b7c37 * {\n    box-sizing: border-box;\n}\n#uc_box_pricing_table_elementor_601b7c37 .uc_content_box{\n  overflow:hidden;\n  position:relative;\n}\n.uc_price{\n\tfont-size:64px;\n}\n\n.ue_subtitle{\n  font-size:12px;\n}\n\n.uc_desc{\n\tline-height:1.5em;\n}\n\n.ue_currency\n{\n  font-size:20px;\n}\n\n#uc_box_pricing_table_elementor_601b7c37 .uc_btn{\n\tdisplay:inline-block;\n\ttext-decoration:none;\n\ttransition:all 0.1s linear 0s;\n}\n\n#uc_box_pricing_table_elementor_601b7c37 .uepb_graphic_el_wrapper{\n  display: flex;\n}\n#uc_box_pricing_table_elementor_601b7c37 .uepb_graphic_el {\n  display:flex;\n  align-items: center;\n  justify-content: center;\n  overflow:hidden;\n}\n\n#uc_box_pricing_table_elementor_601b7c37 .ue_pb_badge {\n    position: absolute;\n    top: 16px;\n    right: -70px;transform: rotate(45deg);\t\n        width: 200px;\n    text-align: center;\n    box-sizing: border-box;\n    z-index:2;\n}\n\n.ue_pb_badge\n{\n  font-size:10px;\n  line-height:1em;\n}\n\n\n<\/style>\n\n\t\t\t<div id=\"uc_box_pricing_table_elementor_601b7c37\" class=\"uc_bold_simple_price_table\">\n\t\t<div class=\"uc_content_box\" >\n                          <div class=\"ue_pb_badge\">UNIQUE<\/div>\n                                     <div class=\"uepb_graphic_el_wrapper\">\n               <div class=\"uepb_graphic_el\">\n                  <i class='fas fa-award'><\/i>                                                  <\/div>\n             <\/div>\n                        \t\n            <div class=\"uc_price\">1700<span class=\"ue_currency\" style=\"vertical-align:super;\">\u20ac <\/span><\/div>\t\n          \n                      \n            <div class=\"ue_subtitle\">Prestige Web Professionnels ind\u00e9pendants<\/div>          \n                      \n            <div class=\"uc_desc\">- Pages cr\u00e9\u00e9es : 10<br>\n- Site optimis\u00e9 SEO <br>\n- Avis en ligne<br>\n- Vitesse de chargement <br>\n- Indexation  <br>\n- Maillage interne <br>\n- Optimisation des balises <br>\n- Backlinks SEO <br>\n- R\u00e9f\u00e9rencement local <br>\n- Fonctionnalit\u00e9s  et design avanc\u00e9es <br>\n- Responsive <br>\n<br><br><br><br><br><\/div>\t\n            <a href=\"#elementor-action%3Aaction%3Dpopup%3Aopen%26settings%3DeyJpZCI6IjMzMDM2IiwidG9nZ2xlIjpmYWxzZX0%3D\" class=\"uc_btn uc_more_btn\" >DEVIS GRATUIT<\/a>\t\n        <\/div>\n<\/div>\n\t\t\t<!-- end Price Box -->\t\t\t\t<\/div>\n\t\t\t\t<\/div>\n\t\t\t\t\t<\/div>\n\t\t<\/div>\n\t\t\t\t<div class=\"elementor-column elementor-col-33 elementor-top-column elementor-element elementor-element-20e4a608\" data-id=\"20e4a608\" data-element_type=\"column\" data-e-type=\"column\">\n\t\t\t<div class=\"elementor-widget-wrap elementor-element-populated\">\n\t\t\t\t\t\t<div class=\"elementor-element elementor-element-446cb7e9 elementor-widget elementor-widget-ucaddon_box_pricing_table\" data-id=\"446cb7e9\" data-element_type=\"widget\" data-e-type=\"widget\" data-widget_type=\"ucaddon_box_pricing_table.default\">\n\t\t\t\t<div class=\"elementor-widget-container\">\n\t\t\t\t\t<!-- start Price Box -->\n\n\t\t\t<style type=\"text\/css\">\/* widget: Price Box *\/\n\n#uc_box_pricing_table_elementor_446cb7e9 * {\n    box-sizing: border-box;\n}\n#uc_box_pricing_table_elementor_446cb7e9 .uc_content_box{\n  overflow:hidden;\n  position:relative;\n}\n.uc_price{\n\tfont-size:64px;\n}\n\n.ue_subtitle{\n  font-size:12px;\n}\n\n.uc_desc{\n\tline-height:1.5em;\n}\n\n.ue_currency\n{\n  font-size:20px;\n}\n\n#uc_box_pricing_table_elementor_446cb7e9 .uc_btn{\n\tdisplay:inline-block;\n\ttext-decoration:none;\n\ttransition:all 0.1s linear 0s;\n}\n\n#uc_box_pricing_table_elementor_446cb7e9 .uepb_graphic_el_wrapper{\n  display: flex;\n}\n#uc_box_pricing_table_elementor_446cb7e9 .uepb_graphic_el {\n  display:flex;\n  align-items: center;\n  justify-content: center;\n  overflow:hidden;\n}\n\n#uc_box_pricing_table_elementor_446cb7e9 .ue_pb_badge {\n    position: absolute;\n    top: 16px;\n    right: -70px;transform: rotate(45deg);\t\n        width: 200px;\n    text-align: center;\n    box-sizing: border-box;\n    z-index:2;\n}\n\n.ue_pb_badge\n{\n  font-size:10px;\n  line-height:1em;\n}\n\n\n<\/style>\n\n\t\t\t<div id=\"uc_box_pricing_table_elementor_446cb7e9\" class=\"uc_bold_simple_price_table\">\n\t\t<div class=\"uc_content_box\" >\n                          <div class=\"ue_pb_badge\">UNIQUE<\/div>\n                                     <div class=\"uepb_graphic_el_wrapper\">\n               <div class=\"uepb_graphic_el\">\n                  <i class='fas fa-award'><\/i>                                                  <\/div>\n             <\/div>\n                        \t\n            <div class=\"uc_price\">D\u00e8s 3000 <span class=\"ue_currency\" style=\"vertical-align:super;\">\u20ac <\/span><\/div>\t\n          \n                      \n            <div class=\"ue_subtitle\">Site - PME<\/div>          \n                      \n            <div class=\"uc_desc\">- Pages cr\u00e9\u00e9es : +10<br>\n- Site optimis\u00e9 SEO <br>\n- Avis en ligne<br>\n- Vitesse de chargement <br>\n- Indexation  <br>\n- Maillage interne <br>\n- Optimisation des balises <br>\n- R\u00e9f\u00e9rencement local <br>\n- Fonctionnalit\u00e9s  et design avanc\u00e9es <br>\n- Responsive <br>\n- 100 produits <br>\n- 100 images <br>\n- Moyen de paiement <br>\n- Compte client \/ pro <br>\n- Lien WhatsApp<br>\n- Panier <br>\n- Cat\u00e9gories <br>\n<\/div>\t\n            <a href=\"#elementor-action%3Aaction%3Dpopup%3Aopen%26settings%3DeyJpZCI6IjMzMDM2IiwidG9nZ2xlIjpmYWxzZX0%3D\" class=\"uc_btn uc_more_btn\" >DEVIS GRATUIT<\/a>\t\n        <\/div>\n<\/div>\n\t\t\t<!-- end Price Box -->\t\t\t\t<\/div>\n\t\t\t\t<\/div>\n\t\t\t\t\t<\/div>\n\t\t<\/div>\n\t\t\t\t\t<\/div>\n\t\t<\/section>\n\t\t\t\t<\/div>\n\t\t","protected":false},"excerpt":{"rendered":"<p>UNIQUE 850\u20ac Essentiel Online Petites entreprises locales &#8211; Pages cr\u00e9\u00e9es : 4 &#8211; Avis en ligne &#8211; Design premium &#8211; Responsive DEVIS GRATUIT INCLUS DANS TOUS NOS PACKS UNIQUE 1700\u20ac Prestige Web Professionnels ind\u00e9pendants &#8211; Pages cr\u00e9\u00e9es : 10 &#8211; Site optimis\u00e9 SEO &#8211; Avis en ligne &#8211; Vitesse de chargement &#8211; Indexation &#8211; Maillage interne &#8211; Optimisation des balises [&hellip;]<\/p>\n","protected":false},"author":1,"featured_media":0,"parent":0,"menu_order":0,"comment_status":"closed","ping_status":"closed","template":"elementor_header_footer","meta":{"footnotes":""},"class_list":["post-33019","page","type-page","status-publish","hentry"],"yoast_head":"<!-- This site is optimized with the Yoast SEO plugin v27.5 - https:\/\/yoast.com\/product\/yoast-seo-wordpress\/ -->\n<title>Cr\u00e9ation de site internet<\/title>\n<meta name=\"description\" content=\"Chaque site est soigneusement con\u00e7u pour refl\u00e9ter l&#039;image distinctive de l&#039;entreprise et r\u00e9pondre \u00e0 ses besoins sp\u00e9cifiques.\" \/>\n<meta name=\"robots\" content=\"index, follow, max-snippet:-1, max-image-preview:large, max-video-preview:-1\" \/>\n<link rel=\"canonical\" href=\"https:\/\/webceleste.fr\/index.php\/site-internet\/\" \/>\n<meta property=\"og:locale\" content=\"en_US\" \/>\n<meta property=\"og:type\" content=\"article\" \/>\n<meta property=\"og:title\" content=\"Cr\u00e9ation de site internet\" \/>\n<meta property=\"og:description\" content=\"Chaque site est soigneusement con\u00e7u pour refl\u00e9ter l&#039;image distinctive de l&#039;entreprise et r\u00e9pondre \u00e0 ses besoins sp\u00e9cifiques.\" \/>\n<meta property=\"og:url\" content=\"https:\/\/webceleste.fr\/index.php\/site-internet\/\" \/>\n<meta property=\"og:site_name\" content=\"webceleste.fr\" \/>\n<meta property=\"article:modified_time\" content=\"2026-01-03T19:36:46+00:00\" \/>\n<meta name=\"twitter:card\" content=\"summary_large_image\" \/>\n<meta name=\"twitter:label1\" content=\"Est. reading time\" \/>\n\t<meta name=\"twitter:data1\" content=\"1 minute\" \/>\n<script type=\"application\/ld+json\" class=\"yoast-schema-graph\">{\"@context\":\"https:\\\/\\\/schema.org\",\"@graph\":[{\"@type\":\"WebPage\",\"@id\":\"https:\\\/\\\/webceleste.fr\\\/index.php\\\/site-internet\\\/\",\"url\":\"https:\\\/\\\/webceleste.fr\\\/index.php\\\/site-internet\\\/\",\"name\":\"Cr\u00e9ation de site internet\",\"isPartOf\":{\"@id\":\"https:\\\/\\\/webceleste.fr\\\/#website\"},\"datePublished\":\"2023-11-29T12:57:50+00:00\",\"dateModified\":\"2026-01-03T19:36:46+00:00\",\"description\":\"Chaque site est soigneusement con\u00e7u pour refl\u00e9ter l'image distinctive de l'entreprise et r\u00e9pondre \u00e0 ses besoins sp\u00e9cifiques.\",\"breadcrumb\":{\"@id\":\"https:\\\/\\\/webceleste.fr\\\/index.php\\\/site-internet\\\/#breadcrumb\"},\"inLanguage\":\"en-US\",\"potentialAction\":[{\"@type\":\"ReadAction\",\"target\":[\"https:\\\/\\\/webceleste.fr\\\/index.php\\\/site-internet\\\/\"]}]},{\"@type\":\"BreadcrumbList\",\"@id\":\"https:\\\/\\\/webceleste.fr\\\/index.php\\\/site-internet\\\/#breadcrumb\",\"itemListElement\":[{\"@type\":\"ListItem\",\"position\":1,\"name\":\"Home\",\"item\":\"https:\\\/\\\/webceleste.fr\\\/\"},{\"@type\":\"ListItem\",\"position\":2,\"name\":\"Cr\u00e9ation de site internet\"}]},{\"@type\":\"WebSite\",\"@id\":\"https:\\\/\\\/webceleste.fr\\\/#website\",\"url\":\"https:\\\/\\\/webceleste.fr\\\/\",\"name\":\"webceleste.fr\",\"description\":\"\",\"potentialAction\":[{\"@type\":\"SearchAction\",\"target\":{\"@type\":\"EntryPoint\",\"urlTemplate\":\"https:\\\/\\\/webceleste.fr\\\/?s={search_term_string}\"},\"query-input\":{\"@type\":\"PropertyValueSpecification\",\"valueRequired\":true,\"valueName\":\"search_term_string\"}}],\"inLanguage\":\"en-US\"}]}<\/script>\n<!-- \/ Yoast SEO plugin. -->","yoast_head_json":{"title":"Cr\u00e9ation de site internet","description":"Chaque site est soigneusement con\u00e7u pour refl\u00e9ter l'image distinctive de l'entreprise et r\u00e9pondre \u00e0 ses besoins sp\u00e9cifiques.","robots":{"index":"index","follow":"follow","max-snippet":"max-snippet:-1","max-image-preview":"max-image-preview:large","max-video-preview":"max-video-preview:-1"},"canonical":"https:\/\/webceleste.fr\/index.php\/site-internet\/","og_locale":"en_US","og_type":"article","og_title":"Cr\u00e9ation de site internet","og_description":"Chaque site est soigneusement con\u00e7u pour refl\u00e9ter l'image distinctive de l'entreprise et r\u00e9pondre \u00e0 ses besoins sp\u00e9cifiques.","og_url":"https:\/\/webceleste.fr\/index.php\/site-internet\/","og_site_name":"webceleste.fr","article_modified_time":"2026-01-03T19:36:46+00:00","twitter_card":"summary_large_image","twitter_misc":{"Est. reading time":"1 minute"},"schema":{"@context":"https:\/\/schema.org","@graph":[{"@type":"WebPage","@id":"https:\/\/webceleste.fr\/index.php\/site-internet\/","url":"https:\/\/webceleste.fr\/index.php\/site-internet\/","name":"Cr\u00e9ation de site internet","isPartOf":{"@id":"https:\/\/webceleste.fr\/#website"},"datePublished":"2023-11-29T12:57:50+00:00","dateModified":"2026-01-03T19:36:46+00:00","description":"Chaque site est soigneusement con\u00e7u pour refl\u00e9ter l'image distinctive de l'entreprise et r\u00e9pondre \u00e0 ses besoins sp\u00e9cifiques.","breadcrumb":{"@id":"https:\/\/webceleste.fr\/index.php\/site-internet\/#breadcrumb"},"inLanguage":"en-US","potentialAction":[{"@type":"ReadAction","target":["https:\/\/webceleste.fr\/index.php\/site-internet\/"]}]},{"@type":"BreadcrumbList","@id":"https:\/\/webceleste.fr\/index.php\/site-internet\/#breadcrumb","itemListElement":[{"@type":"ListItem","position":1,"name":"Home","item":"https:\/\/webceleste.fr\/"},{"@type":"ListItem","position":2,"name":"Cr\u00e9ation de site internet"}]},{"@type":"WebSite","@id":"https:\/\/webceleste.fr\/#website","url":"https:\/\/webceleste.fr\/","name":"webceleste.fr","description":"","potentialAction":[{"@type":"SearchAction","target":{"@type":"EntryPoint","urlTemplate":"https:\/\/webceleste.fr\/?s={search_term_string}"},"query-input":{"@type":"PropertyValueSpecification","valueRequired":true,"valueName":"search_term_string"}}],"inLanguage":"en-US"}]}},"_links":{"self":[{"href":"https:\/\/webceleste.fr\/index.php\/wp-json\/wp\/v2\/pages\/33019","targetHints":{"allow":["GET"]}}],"collection":[{"href":"https:\/\/webceleste.fr\/index.php\/wp-json\/wp\/v2\/pages"}],"about":[{"href":"https:\/\/webceleste.fr\/index.php\/wp-json\/wp\/v2\/types\/page"}],"author":[{"embeddable":true,"href":"https:\/\/webceleste.fr\/index.php\/wp-json\/wp\/v2\/users\/1"}],"replies":[{"embeddable":true,"href":"https:\/\/webceleste.fr\/index.php\/wp-json\/wp\/v2\/comments?post=33019"}],"version-history":[{"count":14,"href":"https:\/\/webceleste.fr\/index.php\/wp-json\/wp\/v2\/pages\/33019\/revisions"}],"predecessor-version":[{"id":33337,"href":"https:\/\/webceleste.fr\/index.php\/wp-json\/wp\/v2\/pages\/33019\/revisions\/33337"}],"wp:attachment":[{"href":"https:\/\/webceleste.fr\/index.php\/wp-json\/wp\/v2\/media?parent=33019"}],"curies":[{"name":"wp","href":"https:\/\/api.w.org\/{rel}","templated":true}]}}