{"id":33022,"date":"2023-12-13T11:53:50","date_gmt":"2023-12-13T10:53:50","guid":{"rendered":"https:\/\/webceleste.fr\/?page_id=33022"},"modified":"2025-03-11T12:01:03","modified_gmt":"2025-03-11T11:01:03","slug":"maintenance","status":"publish","type":"page","link":"https:\/\/webceleste.fr\/index.php\/maintenance\/","title":{"rendered":"Maintenance de site internet"},"content":{"rendered":"\t\t<div data-elementor-type=\"wp-page\" data-elementor-id=\"33022\" class=\"elementor elementor-33022\" data-elementor-post-type=\"page\">\n\t\t\t\t<div class=\"elementor-element elementor-element-3016f44 e-flex e-con-boxed e-con e-parent\" data-id=\"3016f44\" data-element_type=\"container\" data-e-type=\"container\" data-settings=\"{&quot;background_background&quot;:&quot;classic&quot;}\">\n\t\t\t\t\t<div class=\"e-con-inner\">\n\t\t\t\t<div class=\"elementor-element elementor-element-619d51d elementor-widget elementor-widget-heading\" data-id=\"619d51d\" data-element_type=\"widget\" data-e-type=\"widget\" data-widget_type=\"heading.default\">\n\t\t\t\t<div class=\"elementor-widget-container\">\n\t\t\t\t\t<h2 class=\"elementor-heading-title elementor-size-default\">Maintenance<\/h2>\t\t\t\t<\/div>\n\t\t\t\t<\/div>\n\t\t\t\t\t<\/div>\n\t\t\t\t<\/div>\n\t\t\t\t<section class=\"elementor-section elementor-top-section elementor-element elementor-element-ee94d1f elementor-section-boxed elementor-section-height-default elementor-section-height-default\" data-id=\"ee94d1f\" data-element_type=\"section\" data-e-type=\"section\" data-settings=\"{&quot;background_background&quot;:&quot;classic&quot;}\">\n\t\t\t\t\t\t<div class=\"elementor-container elementor-column-gap-default\">\n\t\t\t\t\t<div class=\"elementor-column elementor-col-33 elementor-top-column elementor-element elementor-element-cb9ab99\" data-id=\"cb9ab99\" data-element_type=\"column\" data-e-type=\"column\">\n\t\t\t<div class=\"elementor-widget-wrap elementor-element-populated\">\n\t\t\t\t\t\t<div class=\"elementor-element elementor-element-3b2ed03 elementor-widget elementor-widget-ucaddon_box_pricing_table\" data-id=\"3b2ed03\" data-element_type=\"widget\" data-e-type=\"widget\" data-widget_type=\"ucaddon_box_pricing_table.default\">\n\t\t\t\t<div class=\"elementor-widget-container\">\n\t\t\t\t\t<!-- start Price Box -->\n\t\t<link id='font-awesome-css' href='https:\/\/webceleste.fr\/wp-content\/plugins\/unlimited-elements-for-elementor-premium\/assets_libraries\/font-awesome5\/css\/fontawesome-all.min.css' type='text\/css' rel='stylesheet' >\n\t\t<link id='font-awesome-4-shim-css' href='https:\/\/webceleste.fr\/wp-content\/plugins\/unlimited-elements-for-elementor-premium\/assets_libraries\/font-awesome5\/css\/fontawesome-v4-shims.css' type='text\/css' rel='stylesheet' >\n\n\t\t\t<style type=\"text\/css\">\/* widget: Price Box *\/\n\n#uc_box_pricing_table_elementor_3b2ed03 * {\n    box-sizing: border-box;\n}\n#uc_box_pricing_table_elementor_3b2ed03 .uc_content_box{\n  overflow:hidden;\n  position:relative;\n}\n.uc_price{\n\tfont-size:64px;\n}\n\n.ue_subtitle{\n  font-size:12px;\n}\n\n.uc_desc{\n\tline-height:1.5em;\n}\n\n.ue_currency\n{\n  font-size:20px;\n}\n\n#uc_box_pricing_table_elementor_3b2ed03 .uc_btn{\n\tdisplay:inline-block;\n\ttext-decoration:none;\n\ttransition:all 0.1s linear 0s;\n}\n\n#uc_box_pricing_table_elementor_3b2ed03 .uepb_graphic_el_wrapper{\n  display: flex;\n}\n#uc_box_pricing_table_elementor_3b2ed03 .uepb_graphic_el {\n  display:flex;\n  align-items: center;\n  justify-content: center;\n  overflow:hidden;\n}\n\n#uc_box_pricing_table_elementor_3b2ed03 .ue_pb_badge {\n    position: absolute;\n    top: 16px;\n    right: -70px;transform: rotate(45deg);\t\n        width: 200px;\n    text-align: center;\n    box-sizing: border-box;\n    z-index:2;\n}\n\n.ue_pb_badge\n{\n  font-size:10px;\n  line-height:1em;\n}\n\n\n<\/style>\n\n\t\t\t<div id=\"uc_box_pricing_table_elementor_3b2ed03\" class=\"uc_bold_simple_price_table\">\n\t\t<div class=\"uc_content_box\" >\n                          <div class=\"ue_pb_badge\">UNIQUE<\/div>\n                                     <div class=\"uepb_graphic_el_wrapper\">\n               <div class=\"uepb_graphic_el\">\n                  <i class='fas fa-award'><\/i>                                                  <\/div>\n             <\/div>\n                        \t\n            <div class=\"uc_price\">50 <span class=\"ue_currency\" style=\"vertical-align:super;\">\u20ac <\/span><\/div>\t\n          \n                      \n            <div class=\"ue_subtitle\">Basic<\/div>          \n                      \n            <div class=\"uc_desc\">- 1 changement \/ pages <br>\n- 2 modifications<br>\n<br>\n<br>\n<br>\n<br>\n<\/div>\t\n            <a href=\"https:\/\/buy.stripe.com\/28oeWmafqaTjb5KfZI\" class=\"uc_btn uc_more_btn\" >ACHETER<\/a>\t\n        <\/div>\n<\/div>\n\t\t\t<!-- end Price Box -->\t\t\t\t<\/div>\n\t\t\t\t<\/div>\n\t\t\t\t\t<\/div>\n\t\t<\/div>\n\t\t\t\t<div class=\"elementor-column elementor-col-33 elementor-top-column elementor-element elementor-element-dcd7d53\" data-id=\"dcd7d53\" data-element_type=\"column\" data-e-type=\"column\">\n\t\t\t<div class=\"elementor-widget-wrap elementor-element-populated\">\n\t\t\t\t\t\t<div class=\"elementor-element elementor-element-f86cc2d elementor-widget elementor-widget-ucaddon_box_pricing_table\" data-id=\"f86cc2d\" data-element_type=\"widget\" data-e-type=\"widget\" data-widget_type=\"ucaddon_box_pricing_table.default\">\n\t\t\t\t<div class=\"elementor-widget-container\">\n\t\t\t\t\t<!-- start Price Box -->\n\n\t\t\t<style type=\"text\/css\">\/* widget: Price Box *\/\n\n#uc_box_pricing_table_elementor_f86cc2d * {\n    box-sizing: border-box;\n}\n#uc_box_pricing_table_elementor_f86cc2d .uc_content_box{\n  overflow:hidden;\n  position:relative;\n}\n.uc_price{\n\tfont-size:64px;\n}\n\n.ue_subtitle{\n  font-size:12px;\n}\n\n.uc_desc{\n\tline-height:1.5em;\n}\n\n.ue_currency\n{\n  font-size:20px;\n}\n\n#uc_box_pricing_table_elementor_f86cc2d .uc_btn{\n\tdisplay:inline-block;\n\ttext-decoration:none;\n\ttransition:all 0.1s linear 0s;\n}\n\n#uc_box_pricing_table_elementor_f86cc2d .uepb_graphic_el_wrapper{\n  display: flex;\n}\n#uc_box_pricing_table_elementor_f86cc2d .uepb_graphic_el {\n  display:flex;\n  align-items: center;\n  justify-content: center;\n  overflow:hidden;\n}\n\n#uc_box_pricing_table_elementor_f86cc2d .ue_pb_badge {\n    position: absolute;\n    top: 16px;\n    right: -70px;transform: rotate(45deg);\t\n        width: 200px;\n    text-align: center;\n    box-sizing: border-box;\n    z-index:2;\n}\n\n.ue_pb_badge\n{\n  font-size:10px;\n  line-height:1em;\n}\n\n\n<\/style>\n\n\t\t\t<div id=\"uc_box_pricing_table_elementor_f86cc2d\" class=\"uc_bold_simple_price_table\">\n\t\t<div class=\"uc_content_box\" >\n                          <div class=\"ue_pb_badge\">MENSUEL<\/div>\n                                     <div class=\"uepb_graphic_el_wrapper\">\n               <div class=\"uepb_graphic_el\">\n                  <i class='fas fa-award'><\/i>                                                  <\/div>\n             <\/div>\n                        \t\n            <div class=\"uc_price\">180<span class=\"ue_currency\" style=\"vertical-align:super;\">\u20ac \/ mois<\/span><\/div>\t\n          \n                      \n            <div class=\"ue_subtitle\">Gold - Site vitrine<\/div>          \n                      \n            <div class=\"uc_desc\">- Modifications illimit\u00e9es <br>\n-  20 images \/ produits <br>\n- Mises \u00e0 jours de logiciels <br>\n- Am\u00e9lioration continue <br>\n- Assistance illimit\u00e9e <br>\n- S\u00e9curit\u00e9 du site <br>\n- Engagement 12 mois<\/div>\t\n            <a href=\"https:\/\/buy.stripe.com\/dR6aG6cny8Lb8XC00Z\" class=\"uc_btn uc_more_btn\" >S'abonner<\/a>\t\n        <\/div>\n<\/div>\n\t\t\t<!-- end Price Box -->\t\t\t\t<\/div>\n\t\t\t\t<\/div>\n\t\t\t\t\t<\/div>\n\t\t<\/div>\n\t\t\t\t<div class=\"elementor-column elementor-col-33 elementor-top-column elementor-element elementor-element-5db3d08\" data-id=\"5db3d08\" data-element_type=\"column\" data-e-type=\"column\">\n\t\t\t<div class=\"elementor-widget-wrap elementor-element-populated\">\n\t\t\t\t\t\t<div class=\"elementor-element elementor-element-94e4ae3 elementor-widget elementor-widget-ucaddon_box_pricing_table\" data-id=\"94e4ae3\" data-element_type=\"widget\" data-e-type=\"widget\" data-widget_type=\"ucaddon_box_pricing_table.default\">\n\t\t\t\t<div class=\"elementor-widget-container\">\n\t\t\t\t\t<!-- start Price Box -->\n\n\t\t\t<style type=\"text\/css\">\/* widget: Price Box *\/\n\n#uc_box_pricing_table_elementor_94e4ae3 * {\n    box-sizing: border-box;\n}\n#uc_box_pricing_table_elementor_94e4ae3 .uc_content_box{\n  overflow:hidden;\n  position:relative;\n}\n.uc_price{\n\tfont-size:64px;\n}\n\n.ue_subtitle{\n  font-size:12px;\n}\n\n.uc_desc{\n\tline-height:1.5em;\n}\n\n.ue_currency\n{\n  font-size:20px;\n}\n\n#uc_box_pricing_table_elementor_94e4ae3 .uc_btn{\n\tdisplay:inline-block;\n\ttext-decoration:none;\n\ttransition:all 0.1s linear 0s;\n}\n\n#uc_box_pricing_table_elementor_94e4ae3 .uepb_graphic_el_wrapper{\n  display: flex;\n}\n#uc_box_pricing_table_elementor_94e4ae3 .uepb_graphic_el {\n  display:flex;\n  align-items: center;\n  justify-content: center;\n  overflow:hidden;\n}\n\n#uc_box_pricing_table_elementor_94e4ae3 .ue_pb_badge {\n    position: absolute;\n    top: 16px;\n    right: -70px;transform: rotate(45deg);\t\n        width: 200px;\n    text-align: center;\n    box-sizing: border-box;\n    z-index:2;\n}\n\n.ue_pb_badge\n{\n  font-size:10px;\n  line-height:1em;\n}\n\n\n<\/style>\n\n\t\t\t<div id=\"uc_box_pricing_table_elementor_94e4ae3\" class=\"uc_bold_simple_price_table\">\n\t\t<div class=\"uc_content_box\" >\n                          <div class=\"ue_pb_badge\">MENSUEL<\/div>\n                                     <div class=\"uepb_graphic_el_wrapper\">\n               <div class=\"uepb_graphic_el\">\n                  <i class='fas fa-award'><\/i>                                                  <\/div>\n             <\/div>\n                        \t\n            <div class=\"uc_price\">450<span class=\"ue_currency\" style=\"vertical-align:super;\">\u20ac \/ mois<\/span><\/div>\t\n          \n                      \n            <div class=\"ue_subtitle\">Premium - Site E-commerce<\/div>          \n                      \n            <div class=\"uc_desc\">- Modifications illimit\u00e9es <br>\n- 100 images \/ produits <br>\n- Mises \u00e0 jours de logiciels <br>\n- Am\u00e9lioration continue <br>\n- Assistance illimit\u00e9e <br>\n- S\u00e9curit\u00e9 du site <br>\n- Engagement 12 mois<\/div>\t\n            <a href=\"https:\/\/buy.stripe.com\/bIY29AgDO4uV5LqaFv\" class=\"uc_btn uc_more_btn\" >S'abonner<\/a>\t\n        <\/div>\n<\/div>\n\t\t\t<!-- end Price Box -->\t\t\t\t<\/div>\n\t\t\t\t<\/div>\n\t\t\t\t\t<\/div>\n\t\t<\/div>\n\t\t\t\t\t<\/div>\n\t\t<\/section>\n\t\t\t\t<\/div>\n\t\t","protected":false},"excerpt":{"rendered":"<p>Maintenance UNIQUE 50 \u20ac Basic &#8211; 1 changement \/ pages &#8211; 2 modifications ACHETER MENSUEL 180\u20ac \/ mois Gold &#8211; Site vitrine &#8211; Modifications illimit\u00e9es &#8211; 20 images \/ produits &#8211; Mises \u00e0 jours de logiciels &#8211; Am\u00e9lioration continue &#8211; Assistance illimit\u00e9e &#8211; S\u00e9curit\u00e9 du site &#8211; Engagement 12 mois S&#8217;abonner MENSUEL 450\u20ac \/ mois Premium &#8211; Site E-commerce &#8211; [&hellip;]<\/p>\n","protected":false},"author":1,"featured_media":0,"parent":0,"menu_order":0,"comment_status":"closed","ping_status":"closed","template":"elementor_header_footer","meta":{"footnotes":""},"class_list":["post-33022","page","type-page","status-publish","hentry"],"yoast_head":"<!-- This site is optimized with the Yoast SEO plugin v27.5 - https:\/\/yoast.com\/product\/yoast-seo-wordpress\/ -->\n<title>Maintenance de site internet - webceleste.fr<\/title>\n<meta name=\"description\" content=\"La maintenance d&#039;un site passe par la mise \u00e0 jour r\u00e9guli\u00e8re de son contenu\/design, et le r\u00e8glement de ses probl\u00e8mes techniques.\" \/>\n<meta name=\"robots\" content=\"index, follow, max-snippet:-1, max-image-preview:large, max-video-preview:-1\" \/>\n<link rel=\"canonical\" href=\"https:\/\/webceleste.fr\/index.php\/maintenance\/\" \/>\n<meta property=\"og:locale\" content=\"en_US\" \/>\n<meta property=\"og:type\" content=\"article\" \/>\n<meta property=\"og:title\" content=\"Maintenance de site internet - webceleste.fr\" \/>\n<meta property=\"og:description\" content=\"La maintenance d&#039;un site passe par la mise \u00e0 jour r\u00e9guli\u00e8re de son contenu\/design, et le r\u00e8glement de ses probl\u00e8mes techniques.\" \/>\n<meta property=\"og:url\" content=\"https:\/\/webceleste.fr\/index.php\/maintenance\/\" \/>\n<meta property=\"og:site_name\" content=\"webceleste.fr\" \/>\n<meta property=\"article:modified_time\" content=\"2025-03-11T11:01:03+00:00\" \/>\n<meta name=\"twitter:card\" content=\"summary_large_image\" \/>\n<meta name=\"twitter:label1\" content=\"Est. reading time\" \/>\n\t<meta name=\"twitter:data1\" content=\"1 minute\" \/>\n<script type=\"application\/ld+json\" class=\"yoast-schema-graph\">{\"@context\":\"https:\\\/\\\/schema.org\",\"@graph\":[{\"@type\":\"WebPage\",\"@id\":\"https:\\\/\\\/webceleste.fr\\\/index.php\\\/maintenance\\\/\",\"url\":\"https:\\\/\\\/webceleste.fr\\\/index.php\\\/maintenance\\\/\",\"name\":\"Maintenance de site internet - webceleste.fr\",\"isPartOf\":{\"@id\":\"https:\\\/\\\/webceleste.fr\\\/#website\"},\"datePublished\":\"2023-12-13T10:53:50+00:00\",\"dateModified\":\"2025-03-11T11:01:03+00:00\",\"description\":\"La maintenance d'un site passe par la mise \u00e0 jour r\u00e9guli\u00e8re de son contenu\\\/design, et le r\u00e8glement de ses probl\u00e8mes techniques.\",\"breadcrumb\":{\"@id\":\"https:\\\/\\\/webceleste.fr\\\/index.php\\\/maintenance\\\/#breadcrumb\"},\"inLanguage\":\"en-US\",\"potentialAction\":[{\"@type\":\"ReadAction\",\"target\":[\"https:\\\/\\\/webceleste.fr\\\/index.php\\\/maintenance\\\/\"]}]},{\"@type\":\"BreadcrumbList\",\"@id\":\"https:\\\/\\\/webceleste.fr\\\/index.php\\\/maintenance\\\/#breadcrumb\",\"itemListElement\":[{\"@type\":\"ListItem\",\"position\":1,\"name\":\"Home\",\"item\":\"https:\\\/\\\/webceleste.fr\\\/\"},{\"@type\":\"ListItem\",\"position\":2,\"name\":\"Maintenance de site internet\"}]},{\"@type\":\"WebSite\",\"@id\":\"https:\\\/\\\/webceleste.fr\\\/#website\",\"url\":\"https:\\\/\\\/webceleste.fr\\\/\",\"name\":\"webceleste.fr\",\"description\":\"\",\"potentialAction\":[{\"@type\":\"SearchAction\",\"target\":{\"@type\":\"EntryPoint\",\"urlTemplate\":\"https:\\\/\\\/webceleste.fr\\\/?s={search_term_string}\"},\"query-input\":{\"@type\":\"PropertyValueSpecification\",\"valueRequired\":true,\"valueName\":\"search_term_string\"}}],\"inLanguage\":\"en-US\"}]}<\/script>\n<!-- \/ Yoast SEO plugin. -->","yoast_head_json":{"title":"Maintenance de site internet - webceleste.fr","description":"La maintenance d'un site passe par la mise \u00e0 jour r\u00e9guli\u00e8re de son contenu\/design, et le r\u00e8glement de ses probl\u00e8mes techniques.","robots":{"index":"index","follow":"follow","max-snippet":"max-snippet:-1","max-image-preview":"max-image-preview:large","max-video-preview":"max-video-preview:-1"},"canonical":"https:\/\/webceleste.fr\/index.php\/maintenance\/","og_locale":"en_US","og_type":"article","og_title":"Maintenance de site internet - webceleste.fr","og_description":"La maintenance d'un site passe par la mise \u00e0 jour r\u00e9guli\u00e8re de son contenu\/design, et le r\u00e8glement de ses probl\u00e8mes techniques.","og_url":"https:\/\/webceleste.fr\/index.php\/maintenance\/","og_site_name":"webceleste.fr","article_modified_time":"2025-03-11T11:01:03+00:00","twitter_card":"summary_large_image","twitter_misc":{"Est. reading time":"1 minute"},"schema":{"@context":"https:\/\/schema.org","@graph":[{"@type":"WebPage","@id":"https:\/\/webceleste.fr\/index.php\/maintenance\/","url":"https:\/\/webceleste.fr\/index.php\/maintenance\/","name":"Maintenance de site internet - webceleste.fr","isPartOf":{"@id":"https:\/\/webceleste.fr\/#website"},"datePublished":"2023-12-13T10:53:50+00:00","dateModified":"2025-03-11T11:01:03+00:00","description":"La maintenance d'un site passe par la mise \u00e0 jour r\u00e9guli\u00e8re de son contenu\/design, et le r\u00e8glement de ses probl\u00e8mes techniques.","breadcrumb":{"@id":"https:\/\/webceleste.fr\/index.php\/maintenance\/#breadcrumb"},"inLanguage":"en-US","potentialAction":[{"@type":"ReadAction","target":["https:\/\/webceleste.fr\/index.php\/maintenance\/"]}]},{"@type":"BreadcrumbList","@id":"https:\/\/webceleste.fr\/index.php\/maintenance\/#breadcrumb","itemListElement":[{"@type":"ListItem","position":1,"name":"Home","item":"https:\/\/webceleste.fr\/"},{"@type":"ListItem","position":2,"name":"Maintenance de site internet"}]},{"@type":"WebSite","@id":"https:\/\/webceleste.fr\/#website","url":"https:\/\/webceleste.fr\/","name":"webceleste.fr","description":"","potentialAction":[{"@type":"SearchAction","target":{"@type":"EntryPoint","urlTemplate":"https:\/\/webceleste.fr\/?s={search_term_string}"},"query-input":{"@type":"PropertyValueSpecification","valueRequired":true,"valueName":"search_term_string"}}],"inLanguage":"en-US"}]}},"_links":{"self":[{"href":"https:\/\/webceleste.fr\/index.php\/wp-json\/wp\/v2\/pages\/33022","targetHints":{"allow":["GET"]}}],"collection":[{"href":"https:\/\/webceleste.fr\/index.php\/wp-json\/wp\/v2\/pages"}],"about":[{"href":"https:\/\/webceleste.fr\/index.php\/wp-json\/wp\/v2\/types\/page"}],"author":[{"embeddable":true,"href":"https:\/\/webceleste.fr\/index.php\/wp-json\/wp\/v2\/users\/1"}],"replies":[{"embeddable":true,"href":"https:\/\/webceleste.fr\/index.php\/wp-json\/wp\/v2\/comments?post=33022"}],"version-history":[{"count":14,"href":"https:\/\/webceleste.fr\/index.php\/wp-json\/wp\/v2\/pages\/33022\/revisions"}],"predecessor-version":[{"id":33296,"href":"https:\/\/webceleste.fr\/index.php\/wp-json\/wp\/v2\/pages\/33022\/revisions\/33296"}],"wp:attachment":[{"href":"https:\/\/webceleste.fr\/index.php\/wp-json\/wp\/v2\/media?parent=33022"}],"curies":[{"name":"wp","href":"https:\/\/api.w.org\/{rel}","templated":true}]}}